{"id":592,"date":"2025-10-09T12:46:23","date_gmt":"2025-10-09T12:46:23","guid":{"rendered":"https:\/\/www.piscicover.net\/?page_id=592"},"modified":"2025-12-12T09:22:23","modified_gmt":"2025-12-12T09:22:23","slug":"mantenimiento-de-piscinas","status":"publish","type":"page","link":"https:\/\/www.piscicover.net\/en\/mantenimiento-de-piscinas\/","title":{"rendered":"Mantenimiento de Piscinas"},"content":{"rendered":"\t\t<div data-elementor-type=\"wp-page\" data-elementor-id=\"592\" class=\"elementor elementor-592\" data-elementor-post-type=\"page\">\n\t\t\t\t\t\t<section class=\"elementor-section elementor-top-section elementor-element elementor-element-bc6c105 elementor-section-boxed elementor-section-height-default elementor-section-height-default\" data-id=\"bc6c105\" data-element_type=\"section\" data-e-type=\"section\" data-settings=\"{&quot;background_background&quot;:&quot;classic&quot;}\">\n\t\t\t\t\t\t\t<div class=\"elementor-background-overlay\"><\/div>\n\t\t\t\t\t\t\t<div class=\"elementor-container elementor-column-gap-default\">\n\t\t\t\t\t<div class=\"elementor-column elementor-col-100 elementor-top-column elementor-element elementor-element-9e90243\" data-id=\"9e90243\" data-element_type=\"column\" data-e-type=\"column\">\n\t\t\t<div class=\"elementor-widget-wrap elementor-element-populated\">\n\t\t\t\t\t\t<div class=\"elementor-element elementor-element-db7da1f elementor-widget elementor-widget-heading\" data-id=\"db7da1f\" data-element_type=\"widget\" data-e-type=\"widget\" data-widget_type=\"heading.default\">\n\t\t\t\t<div class=\"elementor-widget-container\">\n\t\t\t\t\t<h2 class=\"elementor-heading-title elementor-size-default\">Mantenimiento<\/h2>\t\t\t\t<\/div>\n\t\t\t\t<\/div>\n\t\t\t\t\t<\/div>\n\t\t<\/div>\n\t\t\t\t\t<\/div>\n\t\t<\/section>\n\t\t\t\t<section class=\"elementor-section elementor-top-section elementor-element elementor-element-f7bfbe8 elementor-section-boxed elementor-section-height-default elementor-section-height-default\" data-id=\"f7bfbe8\" data-element_type=\"section\" data-e-type=\"section\" data-settings=\"{&quot;background_background&quot;:&quot;classic&quot;}\">\n\t\t\t\t\t\t<div class=\"elementor-container elementor-column-gap-default\">\n\t\t\t\t\t<div class=\"elementor-column elementor-col-50 elementor-top-column elementor-element elementor-element-d77fba9 animated-slow elementor-invisible\" data-id=\"d77fba9\" data-element_type=\"column\" data-e-type=\"column\" data-settings=\"{&quot;animation&quot;:&quot;fadeInLeft&quot;}\">\n\t\t\t<div class=\"elementor-widget-wrap elementor-element-populated\">\n\t\t\t\t\t\t<div class=\"elementor-element elementor-element-81c33d4 elementor-widget elementor-widget-heading\" data-id=\"81c33d4\" data-element_type=\"widget\" data-e-type=\"widget\" data-widget_type=\"heading.default\">\n\t\t\t\t<div class=\"elementor-widget-container\">\n\t\t\t\t\t<h2 class=\"elementor-heading-title elementor-size-default\">Contrato Anual de Mantenimiento<\/h2>\t\t\t\t<\/div>\n\t\t\t\t<\/div>\n\t\t\t\t<div class=\"elementor-element elementor-element-37484cc elementor-widget elementor-widget-image\" data-id=\"37484cc\" data-element_type=\"widget\" data-e-type=\"widget\" data-widget_type=\"image.default\">\n\t\t\t\t<div class=\"elementor-widget-container\">\n\t\t\t\t\t\t\t\t\t\t\t\t\t\t\t<img fetchpriority=\"high\" decoding=\"async\" width=\"720\" height=\"1080\" src=\"https:\/\/www.piscicover.net\/wp-content\/uploads\/DSC06176-edit-with-77-Edited-2.jpg\" class=\"attachment-full size-full wp-image-484\" alt=\"\" srcset=\"https:\/\/www.piscicover.net\/wp-content\/uploads\/DSC06176-edit-with-77-Edited-2.jpg 720w, https:\/\/www.piscicover.net\/wp-content\/uploads\/DSC06176-edit-with-77-Edited-2-200x300.jpg 200w, https:\/\/www.piscicover.net\/wp-content\/uploads\/DSC06176-edit-with-77-Edited-2-683x1024.jpg 683w, https:\/\/www.piscicover.net\/wp-content\/uploads\/DSC06176-edit-with-77-Edited-2-8x12.jpg 8w\" sizes=\"(max-width: 720px) 100vw, 720px\" \/>\t\t\t\t\t\t\t\t\t\t\t\t\t\t\t<\/div>\n\t\t\t\t<\/div>\n\t\t\t\t\t<\/div>\n\t\t<\/div>\n\t\t\t\t<div class=\"elementor-column elementor-col-50 elementor-top-column elementor-element elementor-element-9d4f985 animated-slow elementor-invisible\" data-id=\"9d4f985\" data-element_type=\"column\" data-e-type=\"column\" data-settings=\"{&quot;animation&quot;:&quot;fadeInUp&quot;}\">\n\t\t\t<div class=\"elementor-widget-wrap elementor-element-populated\">\n\t\t\t\t\t\t<div class=\"elementor-element elementor-element-97bc4c7 elementor-widget elementor-widget-text-editor\" data-id=\"97bc4c7\" data-element_type=\"widget\" data-e-type=\"widget\" data-widget_type=\"text-editor.default\">\n\t\t\t\t<div class=\"elementor-widget-container\">\n\t\t\t\t\t\t\t\t\t<div><p>Nuestro Contrato Anual de Mantenimiento\u00a0garantiza el cuidado profesional y el seguimiento t\u00e9cnico de su cubierta autom\u00e1tica de piscina, asegurando un funcionamiento \u00f3ptimo, seguro y duradero durante todo el a\u00f1o.<\/p><\/div><div><h6><b>Cobertura del Servicio<\/b><\/h6><\/div><ul><li><div role=\"presentation\">Dos limpiezas programadas al a\u00f1o, realizadas con productos homologados por Piscicover.<\/div><\/li><li><div role=\"presentation\">Dos inspecciones t\u00e9cnicas completas y visitas de lubricaci\u00f3n, con un informe de mantenimiento detallado.<\/div><\/li><li><div role=\"presentation\"><p>Intervenciones correctivas cuando sea necesario, garantizando el correcto funcionamiento del sistema.<\/p><\/div><\/li><li><div role=\"presentation\">Ventajas adicionales para el cliente:<\/div><ul><li><div role=\"presentation\">10% de descuento en todos los productos Piscicover.<\/div><\/li><li><div role=\"presentation\">Transporte gratuito para piezas solicitadas directamente a nuestra f\u00e1brica en los Pa\u00edses Bajos.<\/div><\/li><\/ul><\/li><\/ul><div><h6>Caracter\u00edsticas del Contrato<\/h6><\/div><ul><li><div role=\"presentation\">Vigencia anual con renovaci\u00f3n autom\u00e1tica para su comodidad.<\/div><\/li><li><div role=\"presentation\">Comunicaci\u00f3n transparente por correo electr\u00f3nico o tel\u00e9fono para programar visitas y actualizaciones.<\/div><\/li><li><div role=\"presentation\"><p>Servicios prestados por t\u00e9cnicos cualificados y especializados en cubiertas autom\u00e1ticas para piscinas.<\/p><\/div><\/li><\/ul><div><h6>Principales Ventajas<\/h6><\/div><ul><li><div role=\"presentation\">Mantenimiento preventivo que reduce aver\u00edas imprevistas.<\/div><\/li><li><div role=\"presentation\">Mayor vida \u00fatil de su instalaci\u00f3n.<\/div><\/li><li><div role=\"presentation\">Asistencia t\u00e9cnica fiable respaldada por la experiencia de Piscicover.<\/div><\/li><\/ul><div>\u00a0<\/div><div><p>Para m\u00e1s informaci\u00f3n, presupuestos o activaci\u00f3n del contrato:<\/p><p>+34 603 719 397 | +34 680 280 360<\/p><p><a id=\"m_-1512210403273036915OWA3d9d3c79-b10e-815d-e5ac-d9ad4d3343fd\" href=\"mailto:administracion@piscicover.net\" target=\"_blank\" rel=\"noopener\">administracion@piscicover.net<\/a><\/p><\/div>\t\t\t\t\t\t\t\t<\/div>\n\t\t\t\t<\/div>\n\t\t\t\t\t<\/div>\n\t\t<\/div>\n\t\t\t\t\t<\/div>\n\t\t<\/section>\n\t\t\t\t<section class=\"elementor-section elementor-top-section elementor-element elementor-element-6cfc2c7 elementor-section-boxed elementor-section-height-default elementor-section-height-default\" data-id=\"6cfc2c7\" data-element_type=\"section\" data-e-type=\"section\" data-settings=\"{&quot;background_background&quot;:&quot;classic&quot;}\">\n\t\t\t\t\t\t\t<div class=\"elementor-background-overlay\"><\/div>\n\t\t\t\t\t\t\t<div class=\"elementor-container elementor-column-gap-default\">\n\t\t\t\t\t<div class=\"elementor-column elementor-col-100 elementor-top-column elementor-element elementor-element-2a21a70\" data-id=\"2a21a70\" data-element_type=\"column\" data-e-type=\"column\">\n\t\t\t<div class=\"elementor-widget-wrap elementor-element-populated\">\n\t\t\t\t\t\t<div class=\"elementor-element elementor-element-963caca elementor-button-align-stretch elementor-widget elementor-widget-form\" data-id=\"963caca\" data-element_type=\"widget\" data-e-type=\"widget\" data-settings=\"{&quot;step_next_label&quot;:&quot;Siguiente&quot;,&quot;step_previous_label&quot;:&quot;Anterior&quot;,&quot;button_width&quot;:&quot;100&quot;,&quot;step_type&quot;:&quot;number_text&quot;,&quot;step_icon_shape&quot;:&quot;circle&quot;}\" data-widget_type=\"form.default\">\n\t\t\t\t<div class=\"elementor-widget-container\">\n\t\t\t\t\t\t\t<form class=\"elementor-form\" method=\"post\" name=\"Nuevo formulario\" aria-label=\"Nuevo formulario\">\n\t\t\t<input type=\"hidden\" name=\"post_id\" value=\"592\"\/>\n\t\t\t<input type=\"hidden\" name=\"form_id\" value=\"963caca\"\/>\n\t\t\t<input type=\"hidden\" name=\"referer_title\" value=\"Mantenimiento de Piscinas - Piscicover\" \/>\n\n\t\t\t\t\t\t\t<input type=\"hidden\" name=\"queried_id\" value=\"592\"\/>\n\t\t\t\n\t\t\t<div class=\"elementor-form-fields-wrapper elementor-labels-\">\n\t\t\t\t\t\t\t\t<div class=\"elementor-field-type-text elementor-field-group elementor-column elementor-field-group-name elementor-col-100 elementor-field-required\">\n\t\t\t\t\t\t\t\t\t\t\t\t<label for=\"form-field-name\" class=\"elementor-field-label elementor-screen-only\">\n\t\t\t\t\t\t\t\tNombre\t\t\t\t\t\t\t<\/label>\n\t\t\t\t\t\t\t\t\t\t\t\t\t\t<input size=\"1\" type=\"text\" name=\"form_fields[name]\" id=\"form-field-name\" class=\"elementor-field elementor-size-sm  elementor-field-textual\" placeholder=\"Nombre*\" required=\"required\">\n\t\t\t\t\t\t\t\t\t\t\t<\/div>\n\t\t\t\t\t\t\t\t<div class=\"elementor-field-type-tel elementor-field-group elementor-column elementor-field-group-email elementor-col-50 elementor-field-required\">\n\t\t\t\t\t\t\t\t\t\t\t\t<label for=\"form-field-email\" class=\"elementor-field-label elementor-screen-only\">\n\t\t\t\t\t\t\t\tTelefono\t\t\t\t\t\t\t<\/label>\n\t\t\t\t\t\t\t\t<input size=\"1\" type=\"tel\" name=\"form_fields[email]\" id=\"form-field-email\" class=\"elementor-field elementor-size-sm  elementor-field-textual\" placeholder=\"Telefono*\" required=\"required\" pattern=\"[0-9()#&amp;+*-=.]+\" title=\"Only numbers and phone characters (#, -, *, etc) are accepted.\">\n\n\t\t\t\t\t\t<\/div>\n\t\t\t\t\t\t\t\t<div class=\"elementor-field-type-email elementor-field-group elementor-column elementor-field-group-field_01ee196 elementor-col-50 elementor-field-required\">\n\t\t\t\t\t\t\t\t\t\t\t\t<label for=\"form-field-field_01ee196\" class=\"elementor-field-label elementor-screen-only\">\n\t\t\t\t\t\t\t\tCorreo electr\u00f3nico\t\t\t\t\t\t\t<\/label>\n\t\t\t\t\t\t\t\t\t\t\t\t\t\t<input size=\"1\" type=\"email\" name=\"form_fields[field_01ee196]\" id=\"form-field-field_01ee196\" class=\"elementor-field elementor-size-sm  elementor-field-textual\" placeholder=\"Correo electr\u00f3nico*\" required=\"required\">\n\t\t\t\t\t\t\t\t\t\t\t<\/div>\n\t\t\t\t\t\t\t\t<div class=\"elementor-field-type-text elementor-field-group elementor-column elementor-field-group-field_843ed31 elementor-col-100\">\n\t\t\t\t\t\t\t\t\t\t\t\t<label for=\"form-field-field_843ed31\" class=\"elementor-field-label elementor-screen-only\">\n\t\t\t\t\t\t\t\tDirecci\u00f3n\t\t\t\t\t\t\t<\/label>\n\t\t\t\t\t\t\t\t\t\t\t\t\t\t<input size=\"1\" type=\"text\" name=\"form_fields[field_843ed31]\" id=\"form-field-field_843ed31\" class=\"elementor-field elementor-size-sm  elementor-field-textual\" placeholder=\"Direcci\u00f3n\">\n\t\t\t\t\t\t\t\t\t\t\t<\/div>\n\t\t\t\t\t\t\t\t<div class=\"elementor-field-type-text elementor-field-group elementor-column elementor-field-group-field_3c33837 elementor-col-100\">\n\t\t\t\t\t\t\t\t\t\t\t\t<label for=\"form-field-field_3c33837\" class=\"elementor-field-label elementor-screen-only\">\n\t\t\t\t\t\t\t\tMedidas de la piscina y Tipo de cubierta\t\t\t\t\t\t\t<\/label>\n\t\t\t\t\t\t\t\t\t\t\t\t\t\t<input size=\"1\" type=\"text\" name=\"form_fields[field_3c33837]\" id=\"form-field-field_3c33837\" class=\"elementor-field elementor-size-sm  elementor-field-textual\" placeholder=\"Medidas de la piscina y Tipo de cubierta\">\n\t\t\t\t\t\t\t\t\t\t\t<\/div>\n\t\t\t\t\t\t\t\t<div class=\"elementor-field-type-textarea elementor-field-group elementor-column elementor-field-group-message elementor-col-100\">\n\t\t\t\t\t\t\t\t\t\t\t\t<label for=\"form-field-message\" class=\"elementor-field-label elementor-screen-only\">\n\t\t\t\t\t\t\t\tComentarios\t\t\t\t\t\t\t<\/label>\n\t\t\t\t\t\t<textarea class=\"elementor-field-textual elementor-field  elementor-size-sm\" name=\"form_fields[message]\" id=\"form-field-message\" rows=\"3\" placeholder=\"Comentarios\"><\/textarea>\t\t\t\t<\/div>\n\t\t\t\t\t\t\t\t<div class=\"elementor-field-group elementor-column elementor-field-type-submit elementor-col-100 e-form__buttons\">\n\t\t\t\t\t<button class=\"elementor-button elementor-size-sm\" type=\"submit\">\n\t\t\t\t\t\t<span class=\"elementor-button-content-wrapper\">\n\t\t\t\t\t\t\t\t\t\t\t\t\t\t\t\t\t\t\t\t\t\t<span class=\"elementor-button-text\">Enviar<\/span>\n\t\t\t\t\t\t\t\t\t\t\t\t\t<\/span>\n\t\t\t\t\t<\/button>\n\t\t\t\t<\/div>\n\t\t\t<\/div>\n\t\t<\/form>\n\t\t\t\t\t\t<\/div>\n\t\t\t\t<\/div>\n\t\t\t\t<div class=\"elementor-element elementor-element-6cca37d elementor-widget elementor-widget-spacer\" data-id=\"6cca37d\" data-element_type=\"widget\" data-e-type=\"widget\" data-widget_type=\"spacer.default\">\n\t\t\t\t<div class=\"elementor-widget-container\">\n\t\t\t\t\t\t\t<div class=\"elementor-spacer\">\n\t\t\t<div class=\"elementor-spacer-inner\"><\/div>\n\t\t<\/div>\n\t\t\t\t\t\t<\/div>\n\t\t\t\t<\/div>\n\t\t\t\t\t<\/div>\n\t\t<\/div>\n\t\t\t\t\t<\/div>\n\t\t<\/section>\n\t\t\t\t<\/div>\n\t\t","protected":false},"excerpt":{"rendered":"<p>Mantenimiento Contrato Anual de Mantenimiento Nuestro Contrato Anual de Mantenimiento\u00a0garantiza el cuidado profesional y el seguimiento t\u00e9cnico de su cubierta autom\u00e1tica de piscina, asegurando un funcionamiento \u00f3ptimo, seguro y duradero durante todo el a\u00f1o. Cobertura del Servicio Dos limpiezas programadas al a\u00f1o, realizadas con productos homologados por Piscicover. Dos inspecciones t\u00e9cnicas completas y visitas de [&hellip;]<\/p>\n","protected":false},"author":1,"featured_media":0,"parent":0,"menu_order":0,"comment_status":"closed","ping_status":"closed","template":"elementor_header_footer","meta":{"footnotes":""},"class_list":["post-592","page","type-page","status-publish","hentry"],"yoast_head":"<!-- This site is optimized with the Yoast SEO plugin v27.4 - https:\/\/yoast.com\/product\/yoast-seo-wordpress\/ -->\n<title>Mantenimiento de Piscinas - Piscicover<\/title>\n<meta name=\"robots\" content=\"index, follow, max-snippet:-1, max-image-preview:large, max-video-preview:-1\" \/>\n<link rel=\"canonical\" href=\"https:\/\/www.piscicover.net\/en\/mantenimiento-de-piscinas\/\" \/>\n<meta property=\"og:locale\" content=\"en_GB\" \/>\n<meta property=\"og:type\" content=\"article\" \/>\n<meta property=\"og:title\" content=\"Mantenimiento de Piscinas - Piscicover\" \/>\n<meta property=\"og:description\" content=\"Mantenimiento Contrato Anual de Mantenimiento Nuestro Contrato Anual de Mantenimiento\u00a0garantiza el cuidado profesional y el seguimiento t\u00e9cnico de su cubierta autom\u00e1tica de piscina, asegurando un funcionamiento \u00f3ptimo, seguro y duradero durante todo el a\u00f1o. Cobertura del Servicio Dos limpiezas programadas al a\u00f1o, realizadas con productos homologados por Piscicover. Dos inspecciones t\u00e9cnicas completas y visitas de [&hellip;]\" \/>\n<meta property=\"og:url\" content=\"https:\/\/www.piscicover.net\/en\/mantenimiento-de-piscinas\/\" \/>\n<meta property=\"og:site_name\" content=\"Piscicover\" \/>\n<meta property=\"article:modified_time\" content=\"2025-12-12T09:22:23+00:00\" \/>\n<meta property=\"og:image\" content=\"https:\/\/www.piscicover.net\/wp-content\/uploads\/DSC06176-edit-with-77-Edited-2.jpg\" \/>\n\t<meta property=\"og:image:width\" content=\"720\" \/>\n\t<meta property=\"og:image:height\" content=\"1080\" \/>\n\t<meta property=\"og:image:type\" content=\"image\/jpeg\" \/>\n<meta name=\"twitter:card\" content=\"summary_large_image\" \/>\n<meta name=\"twitter:label1\" content=\"Estimated reading time\" \/>\n\t<meta name=\"twitter:data1\" content=\"2 minutes\" \/>\n<script type=\"application\/ld+json\" class=\"yoast-schema-graph\">{\"@context\":\"https:\\\/\\\/schema.org\",\"@graph\":[{\"@type\":\"WebPage\",\"@id\":\"https:\\\/\\\/www.piscicover.net\\\/mantenimiento-de-piscinas\\\/\",\"url\":\"https:\\\/\\\/www.piscicover.net\\\/mantenimiento-de-piscinas\\\/\",\"name\":\"Mantenimiento de Piscinas - Piscicover\",\"isPartOf\":{\"@id\":\"https:\\\/\\\/www.piscicover.net\\\/#website\"},\"primaryImageOfPage\":{\"@id\":\"https:\\\/\\\/www.piscicover.net\\\/mantenimiento-de-piscinas\\\/#primaryimage\"},\"image\":{\"@id\":\"https:\\\/\\\/www.piscicover.net\\\/mantenimiento-de-piscinas\\\/#primaryimage\"},\"thumbnailUrl\":\"https:\\\/\\\/www.piscicover.net\\\/wp-content\\\/uploads\\\/DSC06176-edit-with-77-Edited-2.jpg\",\"datePublished\":\"2025-10-09T12:46:23+00:00\",\"dateModified\":\"2025-12-12T09:22:23+00:00\",\"breadcrumb\":{\"@id\":\"https:\\\/\\\/www.piscicover.net\\\/mantenimiento-de-piscinas\\\/#breadcrumb\"},\"inLanguage\":\"en-GB\",\"potentialAction\":[{\"@type\":\"ReadAction\",\"target\":[\"https:\\\/\\\/www.piscicover.net\\\/mantenimiento-de-piscinas\\\/\"]}]},{\"@type\":\"ImageObject\",\"inLanguage\":\"en-GB\",\"@id\":\"https:\\\/\\\/www.piscicover.net\\\/mantenimiento-de-piscinas\\\/#primaryimage\",\"url\":\"https:\\\/\\\/www.piscicover.net\\\/wp-content\\\/uploads\\\/DSC06176-edit-with-77-Edited-2.jpg\",\"contentUrl\":\"https:\\\/\\\/www.piscicover.net\\\/wp-content\\\/uploads\\\/DSC06176-edit-with-77-Edited-2.jpg\"},{\"@type\":\"BreadcrumbList\",\"@id\":\"https:\\\/\\\/www.piscicover.net\\\/mantenimiento-de-piscinas\\\/#breadcrumb\",\"itemListElement\":[{\"@type\":\"ListItem\",\"position\":1,\"name\":\"Portada\",\"item\":\"https:\\\/\\\/www.piscicover.net\\\/\"},{\"@type\":\"ListItem\",\"position\":2,\"name\":\"Mantenimiento de Piscinas\"}]},{\"@type\":\"WebSite\",\"@id\":\"https:\\\/\\\/www.piscicover.net\\\/#website\",\"url\":\"https:\\\/\\\/www.piscicover.net\\\/\",\"name\":\"Piscicover\",\"description\":\"Cubiertas autom\u00e1ticas de piscinas\",\"potentialAction\":[{\"@type\":\"SearchAction\",\"target\":{\"@type\":\"EntryPoint\",\"urlTemplate\":\"https:\\\/\\\/www.piscicover.net\\\/?s={search_term_string}\"},\"query-input\":{\"@type\":\"PropertyValueSpecification\",\"valueRequired\":true,\"valueName\":\"search_term_string\"}}],\"inLanguage\":\"en-GB\"}]}<\/script>\n<!-- \/ Yoast SEO plugin. -->","yoast_head_json":{"title":"Mantenimiento de Piscinas - Piscicover","robots":{"index":"index","follow":"follow","max-snippet":"max-snippet:-1","max-image-preview":"max-image-preview:large","max-video-preview":"max-video-preview:-1"},"canonical":"https:\/\/www.piscicover.net\/en\/mantenimiento-de-piscinas\/","og_locale":"en_GB","og_type":"article","og_title":"Mantenimiento de Piscinas - Piscicover","og_description":"Mantenimiento Contrato Anual de Mantenimiento Nuestro Contrato Anual de Mantenimiento\u00a0garantiza el cuidado profesional y el seguimiento t\u00e9cnico de su cubierta autom\u00e1tica de piscina, asegurando un funcionamiento \u00f3ptimo, seguro y duradero durante todo el a\u00f1o. Cobertura del Servicio Dos limpiezas programadas al a\u00f1o, realizadas con productos homologados por Piscicover. Dos inspecciones t\u00e9cnicas completas y visitas de [&hellip;]","og_url":"https:\/\/www.piscicover.net\/en\/mantenimiento-de-piscinas\/","og_site_name":"Piscicover","article_modified_time":"2025-12-12T09:22:23+00:00","og_image":[{"width":720,"height":1080,"url":"https:\/\/www.piscicover.net\/wp-content\/uploads\/DSC06176-edit-with-77-Edited-2.jpg","type":"image\/jpeg"}],"twitter_card":"summary_large_image","twitter_misc":{"Estimated reading time":"2 minutes"},"schema":{"@context":"https:\/\/schema.org","@graph":[{"@type":"WebPage","@id":"https:\/\/www.piscicover.net\/mantenimiento-de-piscinas\/","url":"https:\/\/www.piscicover.net\/mantenimiento-de-piscinas\/","name":"Mantenimiento de Piscinas - Piscicover","isPartOf":{"@id":"https:\/\/www.piscicover.net\/#website"},"primaryImageOfPage":{"@id":"https:\/\/www.piscicover.net\/mantenimiento-de-piscinas\/#primaryimage"},"image":{"@id":"https:\/\/www.piscicover.net\/mantenimiento-de-piscinas\/#primaryimage"},"thumbnailUrl":"https:\/\/www.piscicover.net\/wp-content\/uploads\/DSC06176-edit-with-77-Edited-2.jpg","datePublished":"2025-10-09T12:46:23+00:00","dateModified":"2025-12-12T09:22:23+00:00","breadcrumb":{"@id":"https:\/\/www.piscicover.net\/mantenimiento-de-piscinas\/#breadcrumb"},"inLanguage":"en-GB","potentialAction":[{"@type":"ReadAction","target":["https:\/\/www.piscicover.net\/mantenimiento-de-piscinas\/"]}]},{"@type":"ImageObject","inLanguage":"en-GB","@id":"https:\/\/www.piscicover.net\/mantenimiento-de-piscinas\/#primaryimage","url":"https:\/\/www.piscicover.net\/wp-content\/uploads\/DSC06176-edit-with-77-Edited-2.jpg","contentUrl":"https:\/\/www.piscicover.net\/wp-content\/uploads\/DSC06176-edit-with-77-Edited-2.jpg"},{"@type":"BreadcrumbList","@id":"https:\/\/www.piscicover.net\/mantenimiento-de-piscinas\/#breadcrumb","itemListElement":[{"@type":"ListItem","position":1,"name":"Portada","item":"https:\/\/www.piscicover.net\/"},{"@type":"ListItem","position":2,"name":"Mantenimiento de Piscinas"}]},{"@type":"WebSite","@id":"https:\/\/www.piscicover.net\/#website","url":"https:\/\/www.piscicover.net\/","name":"Piscicover","description":"Cubiertas autom\u00e1ticas de piscinas","potentialAction":[{"@type":"SearchAction","target":{"@type":"EntryPoint","urlTemplate":"https:\/\/www.piscicover.net\/?s={search_term_string}"},"query-input":{"@type":"PropertyValueSpecification","valueRequired":true,"valueName":"search_term_string"}}],"inLanguage":"en-GB"}]}},"_links":{"self":[{"href":"https:\/\/www.piscicover.net\/en\/wp-json\/wp\/v2\/pages\/592","targetHints":{"allow":["GET"]}}],"collection":[{"href":"https:\/\/www.piscicover.net\/en\/wp-json\/wp\/v2\/pages"}],"about":[{"href":"https:\/\/www.piscicover.net\/en\/wp-json\/wp\/v2\/types\/page"}],"author":[{"embeddable":true,"href":"https:\/\/www.piscicover.net\/en\/wp-json\/wp\/v2\/users\/1"}],"replies":[{"embeddable":true,"href":"https:\/\/www.piscicover.net\/en\/wp-json\/wp\/v2\/comments?post=592"}],"version-history":[{"count":19,"href":"https:\/\/www.piscicover.net\/en\/wp-json\/wp\/v2\/pages\/592\/revisions"}],"predecessor-version":[{"id":865,"href":"https:\/\/www.piscicover.net\/en\/wp-json\/wp\/v2\/pages\/592\/revisions\/865"}],"wp:attachment":[{"href":"https:\/\/www.piscicover.net\/en\/wp-json\/wp\/v2\/media?parent=592"}],"curies":[{"name":"wp","href":"https:\/\/api.w.org\/{rel}","templated":true}]}}