{"id":14,"date":"2018-08-07T07:16:32","date_gmt":"2018-08-07T07:16:32","guid":{"rendered":"https:\/\/www.piscicover.net\/?page_id=14"},"modified":"2023-10-05T12:05:45","modified_gmt":"2023-10-05T12:05:45","slug":"inicio","status":"publish","type":"page","link":"https:\/\/www.piscicover.net\/en\/inicio\/","title":{"rendered":"Home"},"content":{"rendered":"<p>Piscicover<\/p>\n\n\n\n<p>Cubiertas autom\u00e1ticas de piscinas<\/p>\n\n\n\n<p>\u00abCuesti\u00f3n de detalle\u00bb<\/p>\n\n\n\n<p>Tel: 699 775 730 \/ 680 280 360<br>info@piscicover.net <\/p>\n\n\n\n<p><\/p>\n\n\n\n<p style=\"color:#3ec5e4; font-weight: bold\">Distribuidor oficial de Aquadeck<\/p>\n\n<img fetchpriority=\"high\" decoding=\"async\" width=\"1024\" height=\"138\" src=\"https:\/\/www.piscicover.net\/wp-content\/uploads\/Aquadeck_Logo_DIGITAL_L-1024x138.png\" alt=\"Aquadeck Logo\" class=\"wp-image-209\" srcset=\"https:\/\/www.piscicover.net\/wp-content\/uploads\/Aquadeck_Logo_DIGITAL_L-1024x138.png 1024w, https:\/\/www.piscicover.net\/wp-content\/uploads\/Aquadeck_Logo_DIGITAL_L-300x40.png 300w, https:\/\/www.piscicover.net\/wp-content\/uploads\/Aquadeck_Logo_DIGITAL_L-768x103.png 768w, https:\/\/www.piscicover.net\/wp-content\/uploads\/Aquadeck_Logo_DIGITAL_L-1536x206.png 1536w, https:\/\/www.piscicover.net\/wp-content\/uploads\/Aquadeck_Logo_DIGITAL_L-2048x275.png 2048w\" sizes=\"(max-width: 1024px) 100vw, 1024px\" \/>\n<br>","protected":false},"excerpt":{"rendered":"<p>Piscicover Cubiertas autom\u00e1ticas de piscinas \u00abCuesti\u00f3n de detalle\u00bb Tel: 699 775 730 \/ 680 280 360info@piscicover.net Distribuidor oficial de Aquadeck<\/p>","protected":false},"author":1,"featured_media":0,"parent":0,"menu_order":0,"comment_status":"closed","ping_status":"closed","template":"template-parts\/Home Page Template.php","meta":{"footnotes":""},"class_list":["post-14","page","type-page","status-publish","hentry"],"yoast_head":"<!-- This site is optimized with the Yoast SEO plugin v27.4 - https:\/\/yoast.com\/product\/yoast-seo-wordpress\/ -->\n<title>Piscicover ~ Cubiertas autom\u00e1ticas de piscinas ~ Cuesti\u00f3n de Detalle<\/title>\n<meta name=\"description\" content=\"Con m\u00e1s de 29 a\u00f1os de experiencia, en Piscicover nos dedicamos en exclusiva al dise\u00f1o y la instalaci\u00f3n de cubiertas autom\u00e1ticas de piscinas.\" \/>\n<meta name=\"robots\" content=\"index, follow, max-snippet:-1, max-image-preview:large, max-video-preview:-1\" \/>\n<link rel=\"canonical\" href=\"https:\/\/www.piscicover.net\/en\/inicio\/\" \/>\n<meta property=\"og:locale\" content=\"en_GB\" \/>\n<meta property=\"og:type\" content=\"article\" \/>\n<meta property=\"og:title\" content=\"Piscicover ~ Cubiertas autom\u00e1ticas de piscinas ~ Cuesti\u00f3n de Detalle\" \/>\n<meta property=\"og:description\" content=\"Con m\u00e1s de 29 a\u00f1os de experiencia, en Piscicover nos dedicamos en exclusiva al dise\u00f1o y la instalaci\u00f3n de cubiertas autom\u00e1ticas de piscinas.\" \/>\n<meta property=\"og:url\" content=\"https:\/\/www.piscicover.net\/en\/inicio\/\" \/>\n<meta property=\"og:site_name\" content=\"Piscicover\" \/>\n<meta property=\"article:modified_time\" content=\"2023-10-05T12:05:45+00:00\" \/>\n<meta property=\"og:image\" content=\"https:\/\/www.piscicover.net\/wp-content\/uploads\/Aquadeck_Logo_DIGITAL_L.png\" \/>\n\t<meta property=\"og:image:width\" content=\"3000\" \/>\n\t<meta property=\"og:image:height\" content=\"403\" \/>\n\t<meta property=\"og:image:type\" content=\"image\/png\" \/>\n<meta name=\"twitter:card\" content=\"summary_large_image\" \/>\n<script type=\"application\/ld+json\" class=\"yoast-schema-graph\">{\"@context\":\"https:\\\/\\\/schema.org\",\"@graph\":[{\"@type\":\"WebPage\",\"@id\":\"https:\\\/\\\/www.piscicover.net\\\/inicio\\\/\",\"url\":\"https:\\\/\\\/www.piscicover.net\\\/inicio\\\/\",\"name\":\"Piscicover ~ Cubiertas autom\u00e1ticas de piscinas ~ Cuesti\u00f3n de Detalle\",\"isPartOf\":{\"@id\":\"https:\\\/\\\/www.piscicover.net\\\/#website\"},\"primaryImageOfPage\":{\"@id\":\"https:\\\/\\\/www.piscicover.net\\\/inicio\\\/#primaryimage\"},\"image\":{\"@id\":\"https:\\\/\\\/www.piscicover.net\\\/inicio\\\/#primaryimage\"},\"thumbnailUrl\":\"https:\\\/\\\/www.piscicover.net\\\/wp-content\\\/uploads\\\/Aquadeck_Logo_DIGITAL_L-1024x138.png\",\"datePublished\":\"2018-08-07T07:16:32+00:00\",\"dateModified\":\"2023-10-05T12:05:45+00:00\",\"description\":\"Con m\u00e1s de 29 a\u00f1os de experiencia, en Piscicover nos dedicamos en exclusiva al dise\u00f1o y la instalaci\u00f3n de cubiertas autom\u00e1ticas de piscinas.\",\"breadcrumb\":{\"@id\":\"https:\\\/\\\/www.piscicover.net\\\/inicio\\\/#breadcrumb\"},\"inLanguage\":\"en-GB\",\"potentialAction\":[{\"@type\":\"ReadAction\",\"target\":[\"https:\\\/\\\/www.piscicover.net\\\/inicio\\\/\"]}]},{\"@type\":\"ImageObject\",\"inLanguage\":\"en-GB\",\"@id\":\"https:\\\/\\\/www.piscicover.net\\\/inicio\\\/#primaryimage\",\"url\":\"https:\\\/\\\/www.piscicover.net\\\/wp-content\\\/uploads\\\/Aquadeck_Logo_DIGITAL_L-1024x138.png\",\"contentUrl\":\"https:\\\/\\\/www.piscicover.net\\\/wp-content\\\/uploads\\\/Aquadeck_Logo_DIGITAL_L-1024x138.png\"},{\"@type\":\"BreadcrumbList\",\"@id\":\"https:\\\/\\\/www.piscicover.net\\\/inicio\\\/#breadcrumb\",\"itemListElement\":[{\"@type\":\"ListItem\",\"position\":1,\"name\":\"Portada\",\"item\":\"https:\\\/\\\/www.piscicover.net\\\/\"},{\"@type\":\"ListItem\",\"position\":2,\"name\":\"Inicio\"}]},{\"@type\":\"WebSite\",\"@id\":\"https:\\\/\\\/www.piscicover.net\\\/#website\",\"url\":\"https:\\\/\\\/www.piscicover.net\\\/\",\"name\":\"Piscicover\",\"description\":\"Cubiertas autom\u00e1ticas de piscinas\",\"potentialAction\":[{\"@type\":\"SearchAction\",\"target\":{\"@type\":\"EntryPoint\",\"urlTemplate\":\"https:\\\/\\\/www.piscicover.net\\\/?s={search_term_string}\"},\"query-input\":{\"@type\":\"PropertyValueSpecification\",\"valueRequired\":true,\"valueName\":\"search_term_string\"}}],\"inLanguage\":\"en-GB\"}]}<\/script>\n<!-- \/ Yoast SEO plugin. -->","yoast_head_json":{"title":"Piscicover ~ Cubiertas autom\u00e1ticas de piscinas ~ Cuesti\u00f3n de Detalle","description":"Con m\u00e1s de 29 a\u00f1os de experiencia, en Piscicover nos dedicamos en exclusiva al dise\u00f1o y la instalaci\u00f3n de cubiertas autom\u00e1ticas de piscinas.","robots":{"index":"index","follow":"follow","max-snippet":"max-snippet:-1","max-image-preview":"max-image-preview:large","max-video-preview":"max-video-preview:-1"},"canonical":"https:\/\/www.piscicover.net\/en\/inicio\/","og_locale":"en_GB","og_type":"article","og_title":"Piscicover ~ Cubiertas autom\u00e1ticas de piscinas ~ Cuesti\u00f3n de Detalle","og_description":"Con m\u00e1s de 29 a\u00f1os de experiencia, en Piscicover nos dedicamos en exclusiva al dise\u00f1o y la instalaci\u00f3n de cubiertas autom\u00e1ticas de piscinas.","og_url":"https:\/\/www.piscicover.net\/en\/inicio\/","og_site_name":"Piscicover","article_modified_time":"2023-10-05T12:05:45+00:00","og_image":[{"width":3000,"height":403,"url":"https:\/\/www.piscicover.net\/wp-content\/uploads\/Aquadeck_Logo_DIGITAL_L.png","type":"image\/png"}],"twitter_card":"summary_large_image","schema":{"@context":"https:\/\/schema.org","@graph":[{"@type":"WebPage","@id":"https:\/\/www.piscicover.net\/inicio\/","url":"https:\/\/www.piscicover.net\/inicio\/","name":"Piscicover ~ Cubiertas autom\u00e1ticas de piscinas ~ Cuesti\u00f3n de Detalle","isPartOf":{"@id":"https:\/\/www.piscicover.net\/#website"},"primaryImageOfPage":{"@id":"https:\/\/www.piscicover.net\/inicio\/#primaryimage"},"image":{"@id":"https:\/\/www.piscicover.net\/inicio\/#primaryimage"},"thumbnailUrl":"https:\/\/www.piscicover.net\/wp-content\/uploads\/Aquadeck_Logo_DIGITAL_L-1024x138.png","datePublished":"2018-08-07T07:16:32+00:00","dateModified":"2023-10-05T12:05:45+00:00","description":"Con m\u00e1s de 29 a\u00f1os de experiencia, en Piscicover nos dedicamos en exclusiva al dise\u00f1o y la instalaci\u00f3n de cubiertas autom\u00e1ticas de piscinas.","breadcrumb":{"@id":"https:\/\/www.piscicover.net\/inicio\/#breadcrumb"},"inLanguage":"en-GB","potentialAction":[{"@type":"ReadAction","target":["https:\/\/www.piscicover.net\/inicio\/"]}]},{"@type":"ImageObject","inLanguage":"en-GB","@id":"https:\/\/www.piscicover.net\/inicio\/#primaryimage","url":"https:\/\/www.piscicover.net\/wp-content\/uploads\/Aquadeck_Logo_DIGITAL_L-1024x138.png","contentUrl":"https:\/\/www.piscicover.net\/wp-content\/uploads\/Aquadeck_Logo_DIGITAL_L-1024x138.png"},{"@type":"BreadcrumbList","@id":"https:\/\/www.piscicover.net\/inicio\/#breadcrumb","itemListElement":[{"@type":"ListItem","position":1,"name":"Portada","item":"https:\/\/www.piscicover.net\/"},{"@type":"ListItem","position":2,"name":"Inicio"}]},{"@type":"WebSite","@id":"https:\/\/www.piscicover.net\/#website","url":"https:\/\/www.piscicover.net\/","name":"Piscicover","description":"Cubiertas autom\u00e1ticas de piscinas","potentialAction":[{"@type":"SearchAction","target":{"@type":"EntryPoint","urlTemplate":"https:\/\/www.piscicover.net\/?s={search_term_string}"},"query-input":{"@type":"PropertyValueSpecification","valueRequired":true,"valueName":"search_term_string"}}],"inLanguage":"en-GB"}]}},"_links":{"self":[{"href":"https:\/\/www.piscicover.net\/en\/wp-json\/wp\/v2\/pages\/14","targetHints":{"allow":["GET"]}}],"collection":[{"href":"https:\/\/www.piscicover.net\/en\/wp-json\/wp\/v2\/pages"}],"about":[{"href":"https:\/\/www.piscicover.net\/en\/wp-json\/wp\/v2\/types\/page"}],"author":[{"embeddable":true,"href":"https:\/\/www.piscicover.net\/en\/wp-json\/wp\/v2\/users\/1"}],"replies":[{"embeddable":true,"href":"https:\/\/www.piscicover.net\/en\/wp-json\/wp\/v2\/comments?post=14"}],"version-history":[{"count":21,"href":"https:\/\/www.piscicover.net\/en\/wp-json\/wp\/v2\/pages\/14\/revisions"}],"predecessor-version":[{"id":218,"href":"https:\/\/www.piscicover.net\/en\/wp-json\/wp\/v2\/pages\/14\/revisions\/218"}],"wp:attachment":[{"href":"https:\/\/www.piscicover.net\/en\/wp-json\/wp\/v2\/media?parent=14"}],"curies":[{"name":"wp","href":"https:\/\/api.w.org\/{rel}","templated":true}]}}